{"id":2014,"date":"2020-05-08T06:54:27","date_gmt":"2020-05-08T04:54:27","guid":{"rendered":"http:\/\/localhost\/theratio\/?page_id=2014"},"modified":"2024-10-09T15:03:08","modified_gmt":"2024-10-09T21:03:08","slug":"contacto","status":"publish","type":"page","link":"https:\/\/www.aluminioarvaga.com\/?page_id=2014","title":{"rendered":"Contacto"},"content":{"rendered":"\t\t<div data-elementor-type=\"wp-page\" data-elementor-id=\"2014\" class=\"elementor elementor-2014\" data-elementor-post-type=\"page\">\n\t\t\t\t\t\t<section class=\"elementor-section elementor-top-section elementor-element elementor-element-3492446 elementor-section-content-middle elementor-section-boxed elementor-section-height-default elementor-section-height-default\" data-id=\"3492446\" data-element_type=\"section\">\n\t\t\t\t\t\t<div class=\"elementor-container elementor-column-gap-extended\">\n\t\t\t\t\t<div class=\"elementor-column elementor-col-50 elementor-top-column elementor-element elementor-element-c8de834 ot-flex-column-vertical\" data-id=\"c8de834\" data-element_type=\"column\">\n\t\t\t<div class=\"elementor-widget-wrap elementor-element-populated\">\n\t\t\t\t\t\t<div class=\"elementor-element elementor-element-7784e75 elementor-widget elementor-widget-heading\" data-id=\"7784e75\" data-element_type=\"widget\" data-widget_type=\"heading.default\">\n\t\t\t\t<div class=\"elementor-widget-container\">\n\t\t\t<h2 class=\"elementor-heading-title elementor-size-default\">Contacto<\/h2>\t\t<\/div>\n\t\t\t\t<\/div>\n\t\t\t\t<div class=\"elementor-element elementor-element-2bc0966 elementor-widget elementor-widget-shortcode\" data-id=\"2bc0966\" data-element_type=\"widget\" data-widget_type=\"shortcode.default\">\n\t\t\t\t<div class=\"elementor-widget-container\">\n\t\t\t\t\t<div class=\"elementor-shortcode\"><div class=\"forminator-ui forminator-custom-form forminator-custom-form-5947 forminator-design--material  forminator_ajax\" data-forminator-render=\"0\" data-form=\"forminator-module-5947\" data-uid=\"69d0cad643a77\"><br\/><\/div><form\r\n\t\t\t\tid=\"forminator-module-5947\"\r\n\t\t\t\tclass=\"forminator-ui forminator-custom-form forminator-custom-form-5947 forminator-design--material  forminator_ajax\"\r\n\t\t\t\tmethod=\"post\"\r\n\t\t\t\tdata-forminator-render=\"0\"\r\n\t\t\t\tdata-form-id=\"5947\"\r\n\t\t\t\t\r\n\t\t\t\tdata-design=\"material\"\r\n\t\t\t\t\r\n\t\t\t\t\r\n\t\t\t\t\r\n\t\t\t\tdata-grid=\"open\"\r\n\t\t\t\t\r\n\t\t\t\t\r\n\t\t\t\tstyle=\"display: none;\"\r\n\t\t\t\t\r\n\t\t\t\tdata-uid=\"69d0cad643a77\"\r\n\t\t\t><div role=\"alert\" aria-live=\"polite\" class=\"forminator-response-message forminator-error\" aria-hidden=\"true\"><\/div><div class=\"forminator-row\"><div id=\"name-1\" class=\"forminator-field-name forminator-col forminator-col-12 \"><div class=\"forminator-field\"><label for=\"forminator-field-name-1_69d0cad643a77\" id=\"forminator-field-name-1_69d0cad643a77-label\" class=\"forminator-label\">Nombre <span class=\"forminator-required\">*<\/span><\/label><input type=\"text\" name=\"name-1\" value=\"\" placeholder=\"E.g. Juan\" id=\"forminator-field-name-1_69d0cad643a77\" class=\"forminator-input forminator-name--field\" aria-required=\"true\" \/><\/div><\/div><\/div><div class=\"forminator-row\"><div id=\"email-1\" class=\"forminator-field-email forminator-col forminator-col-12 \"><div class=\"forminator-field\"><label for=\"forminator-field-email-1_69d0cad643a77\" id=\"forminator-field-email-1_69d0cad643a77-label\" class=\"forminator-label\">Email <span class=\"forminator-required\">*<\/span><\/label><input type=\"email\" name=\"email-1\" value=\"\" placeholder=\"E.g. juan@gmail.com\" id=\"forminator-field-email-1_69d0cad643a77\" class=\"forminator-input forminator-email--field\" data-required=\"true\" aria-required=\"true\" \/><\/div><\/div><\/div><div class=\"forminator-row\"><div id=\"phone-1\" class=\"forminator-field-phone forminator-col forminator-col-12 \"><div class=\"forminator-field\"><label for=\"forminator-field-phone-1_69d0cad643a77\" id=\"forminator-field-phone-1_69d0cad643a77-label\" class=\"forminator-label\">N\u00famero de Tel\u00e9fono<\/label><input type=\"text\" name=\"phone-1\" value=\"\" placeholder=\"E.g. +52 55 9988 7766\" id=\"forminator-field-phone-1_69d0cad643a77\" class=\"forminator-input forminator-field--phone\" data-required=\"\" aria-required=\"false\" autocomplete=\"off\" \/><\/div><\/div><\/div><div class=\"forminator-row\"><div id=\"textarea-1\" class=\"forminator-field-textarea forminator-col forminator-col-12 \"><div class=\"forminator-field\"><label for=\"forminator-field-textarea-1_69d0cad643a77\" id=\"forminator-field-textarea-1_69d0cad643a77-label\" class=\"forminator-label\">Mensaje<\/label><textarea name=\"textarea-1\" placeholder=\"Mensaje Aqu\u00ed\" id=\"forminator-field-textarea-1_69d0cad643a77\" class=\"forminator-textarea\" rows=\"6\" style=\"min-height:140px;\" maxlength=\"180\" ><\/textarea><span id=\"forminator-field-textarea-1_69d0cad643a77-description\" class=\"forminator-description\"><span data-limit=\"180\" data-type=\"characters\">0 \/ 180<\/span><\/span><\/div><\/div><\/div><input type=\"hidden\" name=\"referer_url\" value=\"\" \/><div class=\"forminator-row forminator-row-last\"><div class=\"forminator-col\"><div class=\"forminator-field\"><button class=\"forminator-button forminator-button-submit\"><span>Enviar Mensaje<\/span><span aria-hidden=\"true\"><\/span><\/button><\/div><\/div><\/div><input type=\"hidden\" id=\"forminator_nonce\" name=\"forminator_nonce\" value=\"41640dad9e\" \/><input type=\"hidden\" name=\"_wp_http_referer\" value=\"\/index.php?rest_route=%2Fwp%2Fv2%2Fpages%2F2014\" \/><input type=\"hidden\" name=\"form_id\" value=\"5947\"><input type=\"hidden\" name=\"page_id\" value=\"2014\"><input type=\"hidden\" name=\"form_type\" value=\"default\"><input type=\"hidden\" name=\"current_url\" value=\"https:\/\/www.aluminioarvaga.com\/?page_id=2014\"><input type=\"hidden\" name=\"render_id\" value=\"0\"><input type=\"hidden\" name=\"action\" value=\"forminator_submit_form_custom-forms\"><\/form><\/div>\n\t\t\t\t<\/div>\n\t\t\t\t<\/div>\n\t\t\t\t\t<\/div>\n\t\t<\/div>\n\t\t\t\t<div class=\"elementor-column elementor-col-50 elementor-top-column elementor-element elementor-element-131457d ot-flex-column-vertical\" data-id=\"131457d\" data-element_type=\"column\" data-settings=\"{&quot;background_background&quot;:&quot;classic&quot;}\">\n\t\t\t<div class=\"elementor-widget-wrap elementor-element-populated\">\n\t\t\t\t\t\t<div class=\"elementor-element elementor-element-6a183e2 elementor-widget elementor-widget-iheading\" data-id=\"6a183e2\" data-element_type=\"widget\" data-widget_type=\"iheading.default\">\n\t\t\t\t<div class=\"elementor-widget-container\">\n\t\t\t\t\t<div class=\"ot-heading \">\r\n\t        \t            <span>[ ARVAGA ]<\/span>\r\n\t        \t        <h2 class=\"main-heading\">Estamos Aqu\u00ed para Ayudarte<\/h2>\r\n\t        \t    <\/div>\r\n\t    \t\t<\/div>\n\t\t\t\t<\/div>\n\t\t\t\t<div class=\"elementor-element elementor-element-c6c295b elementor-widget elementor-widget-text-editor\" data-id=\"c6c295b\" data-element_type=\"widget\" data-widget_type=\"text-editor.default\">\n\t\t\t\t<div class=\"elementor-widget-container\">\n\t\t\t\t\t\t\t<p>En <em>Aluminio y Cristal ARVAGA<\/em>, tu satisfacci\u00f3n es nuestra prioridad. Si tienes preguntas, comentarios o deseas solicitar un presupuesto, no dudes en ponerte en contacto con nosotros. Nuestro equipo de expertos est\u00e1 listo para brindarte la atenci\u00f3n personalizada que mereces. \u00a1Esperamos poder colaborar contigo en tu pr\u00f3ximo proyecto!<\/p>\t\t\t\t\t\t<\/div>\n\t\t\t\t<\/div>\n\t\t\t\t<div class=\"elementor-element elementor-element-6942fc6 elementor-widget elementor-widget-icontact_info\" data-id=\"6942fc6\" data-element_type=\"widget\" data-widget_type=\"icontact_info.default\">\n\t\t\t\t<div class=\"elementor-widget-container\">\n\t\t\t\t    \t<div class=\"contact-info\">\r\n\t\t        \t\t\t    \r\n\t\t\t    \t\t        <i class=\"ot-flaticon-place\"><\/i>\r\n\t\t        <div class=\"info-text\">\r\n\t\t        \t<h6>DIRECCI\u00d3N:<\/h6>\t\t        \t<p><a href=\"https:\/\/maps.app.goo.gl\/hoW88aeJUupGHZbQ8\" target=\"_blank\">Av. Texcoco 348, Metropolitana 2da Secc, 57740 Nezahualc\u00f3yotl, M\u00e9x.<\/a><\/p>\t\t        <\/div>\r\n\t\t    <\/div>\r\n\t    \t\t<\/div>\n\t\t\t\t<\/div>\n\t\t\t\t<div class=\"elementor-element elementor-element-1e04d08 elementor-widget elementor-widget-icontact_info\" data-id=\"1e04d08\" data-element_type=\"widget\" data-widget_type=\"icontact_info.default\">\n\t\t\t\t<div class=\"elementor-widget-container\">\n\t\t\t\t    \t<div class=\"contact-info\">\r\n\t\t        \t\t\t    \r\n\t\t\t    \t\t        <i class=\"ot-flaticon-mail\"><\/i>\r\n\t\t        <div class=\"info-text\">\r\n\t\t        \t<h6>EMAIL:<\/h6>\t\t        \t<p><a href=\"mailto:ventas@aluminioarvaga.com\" target=\"_blank\">ventas@aluminioarvaga.com<\/a><\/p>\t\t        <\/div>\r\n\t\t    <\/div>\r\n\t    \t\t<\/div>\n\t\t\t\t<\/div>\n\t\t\t\t<div class=\"elementor-element elementor-element-0fecad6 elementor-widget elementor-widget-icontact_info\" data-id=\"0fecad6\" data-element_type=\"widget\" data-widget_type=\"icontact_info.default\">\n\t\t\t\t<div class=\"elementor-widget-container\">\n\t\t\t\t    \t<div class=\"contact-info\">\r\n\t\t        \t\t\t    \r\n\t\t\t    \t\t        <i class=\"ot-flaticon-phone-call\"><\/i>\r\n\t\t        <div class=\"info-text\">\r\n\t\t        \t<h6>TEL\u00c9FONO:<\/h6>\t\t        \t<p><a href=\"tel:5557979557\">55 5797 9557<\/a><br>\n<a href=\"tel:5547453643\">55 4745 3643<\/a>\n<\/p>\t\t        <\/div>\r\n\t\t    <\/div>\r\n\t    \t\t<\/div>\n\t\t\t\t<\/div>\n\t\t\t\t<div class=\"elementor-element elementor-element-96c1208 elementor-icon-list--layout-traditional elementor-list-item-link-full_width elementor-widget elementor-widget-icon-list\" data-id=\"96c1208\" data-element_type=\"widget\" data-widget_type=\"icon-list.default\">\n\t\t\t\t<div class=\"elementor-widget-container\">\n\t\t\t\t\t<ul class=\"elementor-icon-list-items\">\n\t\t\t\t\t\t\t<li class=\"elementor-icon-list-item\">\n\t\t\t\t\t\t\t\t\t\t\t<a href=\"https:\/\/www.facebook.com\/AluminioYCristalArvaga\" target=\"_blank\">\n\n\t\t\t\t\t\t\t\t\t\t\t\t<span class=\"elementor-icon-list-icon\">\n\t\t\t\t\t\t\t<i aria-hidden=\"true\" class=\"fab fa-facebook-square\"><\/i>\t\t\t\t\t\t<\/span>\n\t\t\t\t\t\t\t\t\t\t<span class=\"elementor-icon-list-text\">Aluminio Y Cristal Arvaga.<\/span>\n\t\t\t\t\t\t\t\t\t\t\t<\/a>\n\t\t\t\t\t\t\t\t\t<\/li>\n\t\t\t\t\t\t\t\t<li class=\"elementor-icon-list-item\">\n\t\t\t\t\t\t\t\t\t\t\t<a href=\"https:\/\/wa.me\/5557979557?text=Hola,%20me%20gustar\u00eda%20conocer%20m\u00e1s%20sobre%20los%20servicios%20que%20ofrecen.%20Gracias.\" target=\"_blank\">\n\n\t\t\t\t\t\t\t\t\t\t\t\t<span class=\"elementor-icon-list-icon\">\n\t\t\t\t\t\t\t<i aria-hidden=\"true\" class=\"fab fa-whatsapp\"><\/i>\t\t\t\t\t\t<\/span>\n\t\t\t\t\t\t\t\t\t\t<span class=\"elementor-icon-list-text\">Whatsapp<\/span>\n\t\t\t\t\t\t\t\t\t\t\t<\/a>\n\t\t\t\t\t\t\t\t\t<\/li>\n\t\t\t\t\t\t<\/ul>\n\t\t\t\t<\/div>\n\t\t\t\t<\/div>\n\t\t\t\t\t<\/div>\n\t\t<\/div>\n\t\t\t\t\t<\/div>\n\t\t<\/section>\n\t\t\t\t<section class=\"elementor-section elementor-top-section elementor-element elementor-element-1c7707d elementor-section-full_width elementor-section-height-default elementor-section-height-default\" data-id=\"1c7707d\" data-element_type=\"section\">\n\t\t\t\t\t\t<div class=\"elementor-container elementor-column-gap-default\">\n\t\t\t\t\t<div class=\"elementor-column elementor-col-100 elementor-top-column elementor-element elementor-element-3972b22 ot-flex-column-vertical\" data-id=\"3972b22\" data-element_type=\"column\">\n\t\t\t<div class=\"elementor-widget-wrap elementor-element-populated\">\n\t\t\t\t\t\t<div class=\"elementor-element elementor-element-d0a39be elementor-widget elementor-widget-google_maps\" data-id=\"d0a39be\" data-element_type=\"widget\" data-widget_type=\"google_maps.default\">\n\t\t\t\t<div class=\"elementor-widget-container\">\n\t\t\t\t\t<div class=\"elementor-custom-embed\">\n\t\t\t<iframe loading=\"lazy\"\n\t\t\t\t\tsrc=\"https:\/\/maps.google.com\/maps?q=Av.%20Texcoco%20348%2C%20Metropolitana%202da%20Secc%2C%2057740%20Nezahualc%C3%B3yotl%2C%20M%C3%A9x.&#038;t=m&#038;z=16&#038;output=embed&#038;iwloc=near\"\n\t\t\t\t\ttitle=\"Av. Texcoco 348, Metropolitana 2da Secc, 57740 Nezahualc\u00f3yotl, M\u00e9x.\"\n\t\t\t\t\taria-label=\"Av. Texcoco 348, Metropolitana 2da Secc, 57740 Nezahualc\u00f3yotl, M\u00e9x.\"\n\t\t\t><\/iframe>\n\t\t<\/div>\n\t\t\t\t<\/div>\n\t\t\t\t<\/div>\n\t\t\t\t\t<\/div>\n\t\t<\/div>\n\t\t\t\t\t<\/div>\n\t\t<\/section>\n\t\t\t\t<\/div>\n\t\t","protected":false},"excerpt":{"rendered":"<p>Contacto [ ARVAGA ] Estamos Aqu\u00ed para Ayudarte En Aluminio y Cristal ARVAGA, tu satisfacci\u00f3n es nuestra prioridad. Si tienes preguntas, comentarios o deseas solicitar un presupuesto, no dudes en ponerte en contacto con nosotros. Nuestro equipo de expertos est\u00e1 listo para brindarte la atenci\u00f3n personalizada que mereces. \u00a1Esperamos poder colaborar contigo en tu pr\u00f3ximo [&hellip;]<\/p>\n","protected":false},"author":1,"featured_media":0,"parent":0,"menu_order":0,"comment_status":"closed","ping_status":"closed","template":"","meta":{"footnotes":""},"class_list":["post-2014","page","type-page","status-publish","hentry"],"yoast_head":"<!-- This site is optimized with the Yoast SEO plugin v23.6 - https:\/\/yoast.com\/wordpress\/plugins\/seo\/ -->\n<title>Contacto - ARVAGA ALUMINIO Y CRISTAL<\/title>\n<meta name=\"robots\" content=\"index, follow, max-snippet:-1, max-image-preview:large, max-video-preview:-1\" \/>\n<link rel=\"canonical\" href=\"https:\/\/www.aluminioarvaga.com\/?page_id=2014\" \/>\n<meta property=\"og:locale\" content=\"es_ES\" \/>\n<meta property=\"og:type\" content=\"article\" \/>\n<meta property=\"og:title\" content=\"Contacto - ARVAGA ALUMINIO Y CRISTAL\" \/>\n<meta property=\"og:description\" content=\"Contacto [ ARVAGA ] Estamos Aqu\u00ed para Ayudarte En Aluminio y Cristal ARVAGA, tu satisfacci\u00f3n es nuestra prioridad. Si tienes preguntas, comentarios o deseas solicitar un presupuesto, no dudes en ponerte en contacto con nosotros. Nuestro equipo de expertos est\u00e1 listo para brindarte la atenci\u00f3n personalizada que mereces. \u00a1Esperamos poder colaborar contigo en tu pr\u00f3ximo [&hellip;]\" \/>\n<meta property=\"og:url\" content=\"https:\/\/www.aluminioarvaga.com\/?page_id=2014\" \/>\n<meta property=\"og:site_name\" content=\"ARVAGA ALUMINIO Y CRISTAL\" \/>\n<meta property=\"article:modified_time\" content=\"2024-10-09T21:03:08+00:00\" \/>\n<meta name=\"twitter:card\" content=\"summary_large_image\" \/>\n<meta name=\"twitter:label1\" content=\"Tiempo de lectura\" \/>\n\t<meta name=\"twitter:data1\" content=\"1 minuto\" \/>\n<script type=\"application\/ld+json\" class=\"yoast-schema-graph\">{\"@context\":\"https:\/\/schema.org\",\"@graph\":[{\"@type\":\"WebPage\",\"@id\":\"https:\/\/www.aluminioarvaga.com\/?page_id=2014\",\"url\":\"https:\/\/www.aluminioarvaga.com\/?page_id=2014\",\"name\":\"Contacto - ARVAGA ALUMINIO Y CRISTAL\",\"isPartOf\":{\"@id\":\"https:\/\/www.aluminioarvaga.com\/#website\"},\"datePublished\":\"2020-05-08T04:54:27+00:00\",\"dateModified\":\"2024-10-09T21:03:08+00:00\",\"breadcrumb\":{\"@id\":\"https:\/\/www.aluminioarvaga.com\/?page_id=2014#breadcrumb\"},\"inLanguage\":\"es\",\"potentialAction\":[{\"@type\":\"ReadAction\",\"target\":[\"https:\/\/www.aluminioarvaga.com\/?page_id=2014\"]}]},{\"@type\":\"BreadcrumbList\",\"@id\":\"https:\/\/www.aluminioarvaga.com\/?page_id=2014#breadcrumb\",\"itemListElement\":[{\"@type\":\"ListItem\",\"position\":1,\"name\":\"Portada\",\"item\":\"https:\/\/www.aluminioarvaga.com\/\"},{\"@type\":\"ListItem\",\"position\":2,\"name\":\"Contacto\"}]},{\"@type\":\"WebSite\",\"@id\":\"https:\/\/www.aluminioarvaga.com\/#website\",\"url\":\"https:\/\/www.aluminioarvaga.com\/\",\"name\":\"ARVAGA ALUMINIO Y CRISTAL\",\"description\":\"Arvaga Aluminios y Cristaler\u00eda es tu socio confiable con m\u00e1s de 26 a\u00f1os de experiencia en soluciones de aluminio, cristal y acero. Ofrecemos productos de alta calidad, desde ventanas y puertas hasta canceles y barandales, siempre personalizados para satisfacer tus necesidades. Nuestro compromiso es la excelencia y la satisfacci\u00f3n del cliente en cada proyecto.\",\"potentialAction\":[{\"@type\":\"SearchAction\",\"target\":{\"@type\":\"EntryPoint\",\"urlTemplate\":\"https:\/\/www.aluminioarvaga.com\/?s={search_term_string}\"},\"query-input\":{\"@type\":\"PropertyValueSpecification\",\"valueRequired\":true,\"valueName\":\"search_term_string\"}}],\"inLanguage\":\"es\"}]}<\/script>\n<!-- \/ Yoast SEO plugin. -->","yoast_head_json":{"title":"Contacto - ARVAGA ALUMINIO Y CRISTAL","robots":{"index":"index","follow":"follow","max-snippet":"max-snippet:-1","max-image-preview":"max-image-preview:large","max-video-preview":"max-video-preview:-1"},"canonical":"https:\/\/www.aluminioarvaga.com\/?page_id=2014","og_locale":"es_ES","og_type":"article","og_title":"Contacto - ARVAGA ALUMINIO Y CRISTAL","og_description":"Contacto [ ARVAGA ] Estamos Aqu\u00ed para Ayudarte En Aluminio y Cristal ARVAGA, tu satisfacci\u00f3n es nuestra prioridad. Si tienes preguntas, comentarios o deseas solicitar un presupuesto, no dudes en ponerte en contacto con nosotros. Nuestro equipo de expertos est\u00e1 listo para brindarte la atenci\u00f3n personalizada que mereces. \u00a1Esperamos poder colaborar contigo en tu pr\u00f3ximo [&hellip;]","og_url":"https:\/\/www.aluminioarvaga.com\/?page_id=2014","og_site_name":"ARVAGA ALUMINIO Y CRISTAL","article_modified_time":"2024-10-09T21:03:08+00:00","twitter_card":"summary_large_image","twitter_misc":{"Tiempo de lectura":"1 minuto"},"schema":{"@context":"https:\/\/schema.org","@graph":[{"@type":"WebPage","@id":"https:\/\/www.aluminioarvaga.com\/?page_id=2014","url":"https:\/\/www.aluminioarvaga.com\/?page_id=2014","name":"Contacto - ARVAGA ALUMINIO Y CRISTAL","isPartOf":{"@id":"https:\/\/www.aluminioarvaga.com\/#website"},"datePublished":"2020-05-08T04:54:27+00:00","dateModified":"2024-10-09T21:03:08+00:00","breadcrumb":{"@id":"https:\/\/www.aluminioarvaga.com\/?page_id=2014#breadcrumb"},"inLanguage":"es","potentialAction":[{"@type":"ReadAction","target":["https:\/\/www.aluminioarvaga.com\/?page_id=2014"]}]},{"@type":"BreadcrumbList","@id":"https:\/\/www.aluminioarvaga.com\/?page_id=2014#breadcrumb","itemListElement":[{"@type":"ListItem","position":1,"name":"Portada","item":"https:\/\/www.aluminioarvaga.com\/"},{"@type":"ListItem","position":2,"name":"Contacto"}]},{"@type":"WebSite","@id":"https:\/\/www.aluminioarvaga.com\/#website","url":"https:\/\/www.aluminioarvaga.com\/","name":"ARVAGA ALUMINIO Y CRISTAL","description":"Arvaga Aluminios y Cristaler\u00eda es tu socio confiable con m\u00e1s de 26 a\u00f1os de experiencia en soluciones de aluminio, cristal y acero. Ofrecemos productos de alta calidad, desde ventanas y puertas hasta canceles y barandales, siempre personalizados para satisfacer tus necesidades. Nuestro compromiso es la excelencia y la satisfacci\u00f3n del cliente en cada proyecto.","potentialAction":[{"@type":"SearchAction","target":{"@type":"EntryPoint","urlTemplate":"https:\/\/www.aluminioarvaga.com\/?s={search_term_string}"},"query-input":{"@type":"PropertyValueSpecification","valueRequired":true,"valueName":"search_term_string"}}],"inLanguage":"es"}]}},"_links":{"self":[{"href":"https:\/\/www.aluminioarvaga.com\/index.php?rest_route=\/wp\/v2\/pages\/2014","targetHints":{"allow":["GET"]}}],"collection":[{"href":"https:\/\/www.aluminioarvaga.com\/index.php?rest_route=\/wp\/v2\/pages"}],"about":[{"href":"https:\/\/www.aluminioarvaga.com\/index.php?rest_route=\/wp\/v2\/types\/page"}],"author":[{"embeddable":true,"href":"https:\/\/www.aluminioarvaga.com\/index.php?rest_route=\/wp\/v2\/users\/1"}],"replies":[{"embeddable":true,"href":"https:\/\/www.aluminioarvaga.com\/index.php?rest_route=%2Fwp%2Fv2%2Fcomments&post=2014"}],"version-history":[{"count":71,"href":"https:\/\/www.aluminioarvaga.com\/index.php?rest_route=\/wp\/v2\/pages\/2014\/revisions"}],"predecessor-version":[{"id":6277,"href":"https:\/\/www.aluminioarvaga.com\/index.php?rest_route=\/wp\/v2\/pages\/2014\/revisions\/6277"}],"wp:attachment":[{"href":"https:\/\/www.aluminioarvaga.com\/index.php?rest_route=%2Fwp%2Fv2%2Fmedia&parent=2014"}],"curies":[{"name":"wp","href":"https:\/\/api.w.org\/{rel}","templated":true}]}}